{"id":1841,"date":"2022-12-02T11:52:05","date_gmt":"2022-12-02T11:52:05","guid":{"rendered":"https:\/\/www.forus.fi\/?page_id=1841"},"modified":"2022-12-15T21:34:40","modified_gmt":"2022-12-15T19:34:40","slug":"forus-oy-sai-ely-keskukselta-tukea-vuosina-2021-2022-verkkoaurinkovoimahankkeen-kehittamiseen","status":"publish","type":"page","link":"https:\/\/www.forus.fi\/en\/ajankohtaista\/forus-oy-sai-ely-keskukselta-tukea-vuosina-2021-2022-verkkoaurinkovoimahankkeen-kehittamiseen\/","title":{"rendered":"Forus Oy sai ELY-keskukselta tukea vuosina 2021-2022 verkkoaurinkovoimahankkeen kehitt\u00e4miseen"},"content":{"rendered":"<div data-elementor-type=\"wp-page\" data-elementor-id=\"1841\" class=\"elementor elementor-1841\" data-elementor-post-type=\"page\">\n\t\t\t\t\t\t<section class=\"elementor-section elementor-top-section elementor-element elementor-element-41354aa6 elementor-section-height-min-height elementor-section-boxed elementor-section-height-default elementor-section-items-middle\" data-id=\"41354aa6\" data-element_type=\"section\" data-settings=\"{&quot;background_background&quot;:&quot;classic&quot;}\">\n\t\t\t\t\t\t\t<div class=\"elementor-background-overlay\"><\/div>\n\t\t\t\t\t\t\t<div class=\"elementor-container elementor-column-gap-default\">\n\t\t\t\t\t<div class=\"elementor-column elementor-col-100 elementor-top-column elementor-element elementor-element-6054ba74 animated-slow elementor-invisible\" data-id=\"6054ba74\" data-element_type=\"column\" data-settings=\"{&quot;animation&quot;:&quot;fadeInUp&quot;,&quot;animation_delay&quot;:500}\">\n\t\t\t<div class=\"elementor-widget-wrap elementor-element-populated\">\n\t\t\t\t\t\t<div class=\"elementor-element elementor-element-8936847 elementor-widget elementor-widget-heading\" data-id=\"8936847\" data-element_type=\"widget\" data-widget_type=\"heading.default\">\n\t\t\t\t<div class=\"elementor-widget-container\">\n\t\t\t<h1 class=\"elementor-heading-title elementor-size-default\">ELY-keskukselta tukea verkkoaurinkovoimahankkeiden kehitt\u00e4miseen\n<\/h1>\t\t<\/div>\n\t\t\t\t<\/div>\n\t\t\t\t\t<\/div>\n\t\t<\/div>\n\t\t\t\t\t<\/div>\n\t\t<\/section>\n\t\t\t\t<section class=\"elementor-section elementor-top-section elementor-element elementor-element-36ee6921 elementor-section-content-middle elementor-section-boxed elementor-section-height-default elementor-section-height-default\" data-id=\"36ee6921\" data-element_type=\"section\" data-settings=\"{&quot;background_background&quot;:&quot;classic&quot;}\">\n\t\t\t\t\t\t<div class=\"elementor-container elementor-column-gap-default\">\n\t\t\t\t\t<div class=\"elementor-column elementor-col-100 elementor-top-column elementor-element elementor-element-7fa2002d\" data-id=\"7fa2002d\" data-element_type=\"column\">\n\t\t\t<div class=\"elementor-widget-wrap elementor-element-populated\">\n\t\t\t\t\t\t<div class=\"elementor-element elementor-element-368c75b6 elementor-widget elementor-widget-heading\" data-id=\"368c75b6\" data-element_type=\"widget\" data-widget_type=\"heading.default\">\n\t\t\t\t<div class=\"elementor-widget-container\">\n\t\t\t<h1 class=\"elementor-heading-title elementor-size-default\">Saimme tukea verkkoaurinkovoimahankkeiden kehitt\u00e4miseen\n<\/h1>\t\t<\/div>\n\t\t\t\t<\/div>\n\t\t\t\t\t<\/div>\n\t\t<\/div>\n\t\t\t\t\t<\/div>\n\t\t<\/section>\n\t\t\t\t<section class=\"elementor-section elementor-top-section elementor-element elementor-element-9958071 elementor-section-content-middle elementor-reverse-tablet elementor-reverse-mobile elementor-section-boxed elementor-section-height-default elementor-section-height-default\" data-id=\"9958071\" data-element_type=\"section\" data-settings=\"{&quot;background_background&quot;:&quot;classic&quot;}\">\n\t\t\t\t\t\t\t<div class=\"elementor-background-overlay\"><\/div>\n\t\t\t\t\t\t\t<div class=\"elementor-container elementor-column-gap-default\">\n\t\t\t\t\t<div class=\"elementor-column elementor-col-100 elementor-top-column elementor-element elementor-element-1a0191d9\" data-id=\"1a0191d9\" data-element_type=\"column\">\n\t\t\t<div class=\"elementor-widget-wrap elementor-element-populated\">\n\t\t\t\t\t\t<div class=\"elementor-element elementor-element-b694e67 elementor-widget elementor-widget-image\" data-id=\"b694e67\" data-element_type=\"widget\" data-widget_type=\"image.default\">\n\t\t\t\t<div class=\"elementor-widget-container\">\n\t\t\t\t\t\t\t\t\t\t\t\t\t<img fetchpriority=\"high\" decoding=\"async\" width=\"800\" height=\"168\" src=\"https:\/\/www.forus.fi\/wp-content\/uploads\/2022\/10\/FI-Funded-by-the-EU_POS-1024x215.jpg\" class=\"attachment-large size-large wp-image-1207\" alt=\"\" srcset=\"https:\/\/www.forus.fi\/wp-content\/uploads\/2022\/10\/FI-Funded-by-the-EU_POS-1024x215.jpg 1024w, https:\/\/www.forus.fi\/wp-content\/uploads\/2022\/10\/FI-Funded-by-the-EU_POS-300x63.jpg 300w, https:\/\/www.forus.fi\/wp-content\/uploads\/2022\/10\/FI-Funded-by-the-EU_POS-768x161.jpg 768w, https:\/\/www.forus.fi\/wp-content\/uploads\/2022\/10\/FI-Funded-by-the-EU_POS-1536x322.jpg 1536w, https:\/\/www.forus.fi\/wp-content\/uploads\/2022\/10\/FI-Funded-by-the-EU_POS-2048x430.jpg 2048w, https:\/\/www.forus.fi\/wp-content\/uploads\/2022\/10\/FI-Funded-by-the-EU_POS-18x4.jpg 18w\" sizes=\"(max-width: 800px) 100vw, 800px\" \/>\t\t\t\t\t\t\t\t\t\t\t\t\t<\/div>\n\t\t\t\t<\/div>\n\t\t\t\t<div class=\"elementor-element elementor-element-6c943c80 elementor-widget elementor-widget-text-editor\" data-id=\"6c943c80\" data-element_type=\"widget\" data-widget_type=\"text-editor.default\">\n\t\t\t\t<div class=\"elementor-widget-container\">\n\t\t\t\t\t\t\t<p>Projektissa Forus selvitti verkkoaurinkovoimalan kehitt\u00e4miseen liittyvi\u00e4 teknisi\u00e4 ja taloudellisia riippuvaisuuksia. Projektissa saatiin selville olennaisimmat asiat liittyen verkkoaurinkovoimaloiden taloudelliseen kannattavuuteen, maanhankintaan sek\u00e4 luvittamiseen. Lis\u00e4ksi k\u00e4vimme hankkeessa avointa dialogia kaupunkien, verkkoyhti\u00f6iden sek\u00e4 eri yhteisty\u00f6kumppanien kanssa verkkoaurinkovoiman kehitt\u00e4misest\u00e4 Suomeen.<\/p>\t\t\t\t\t\t<\/div>\n\t\t\t\t<\/div>\n\t\t\t\t\t<\/div>\n\t\t<\/div>\n\t\t\t\t\t<\/div>\n\t\t<\/section>\n\t\t\t\t<section class=\"elementor-section elementor-top-section elementor-element elementor-element-fd7fc59 elementor-section-content-middle elementor-section-boxed elementor-section-height-default elementor-section-height-default\" data-id=\"fd7fc59\" data-element_type=\"section\">\n\t\t\t\t\t\t<div class=\"elementor-container elementor-column-gap-default\">\n\t\t\t\t\t<div class=\"elementor-column elementor-col-50 elementor-top-column elementor-element elementor-element-86ab80a\" data-id=\"86ab80a\" data-element_type=\"column\">\n\t\t\t<div class=\"elementor-widget-wrap elementor-element-populated\">\n\t\t\t\t\t\t<div class=\"elementor-element elementor-element-424050f elementor-widget elementor-widget-image\" data-id=\"424050f\" data-element_type=\"widget\" data-widget_type=\"image.default\">\n\t\t\t\t<div class=\"elementor-widget-container\">\n\t\t\t\t\t\t\t\t\t\t\t\t\t<img decoding=\"async\" width=\"300\" height=\"274\" src=\"https:\/\/www.forus.fi\/wp-content\/uploads\/2022\/10\/Screen-Shot-2022-10-28-at-10.56.24-300x274.png\" class=\"attachment-medium size-medium wp-image-1208\" alt=\"\" srcset=\"https:\/\/www.forus.fi\/wp-content\/uploads\/2022\/10\/Screen-Shot-2022-10-28-at-10.56.24-300x274.png 300w, https:\/\/www.forus.fi\/wp-content\/uploads\/2022\/10\/Screen-Shot-2022-10-28-at-10.56.24-13x12.png 13w, https:\/\/www.forus.fi\/wp-content\/uploads\/2022\/10\/Screen-Shot-2022-10-28-at-10.56.24.png 440w\" sizes=\"(max-width: 300px) 100vw, 300px\" \/>\t\t\t\t\t\t\t\t\t\t\t\t\t<\/div>\n\t\t\t\t<\/div>\n\t\t\t\t\t<\/div>\n\t\t<\/div>\n\t\t\t\t<div class=\"elementor-column elementor-col-50 elementor-top-column elementor-element elementor-element-0fda6d4\" data-id=\"0fda6d4\" data-element_type=\"column\">\n\t\t\t<div class=\"elementor-widget-wrap elementor-element-populated\">\n\t\t\t\t\t\t<div class=\"elementor-element elementor-element-eda2696 elementor-widget elementor-widget-image\" data-id=\"eda2696\" data-element_type=\"widget\" data-widget_type=\"image.default\">\n\t\t\t\t<div class=\"elementor-widget-container\">\n\t\t\t\t\t\t\t\t\t\t\t\t\t<img decoding=\"async\" width=\"500\" height=\"338\" src=\"https:\/\/www.forus.fi\/wp-content\/uploads\/2022\/10\/Screen-Shot-2022-10-28-at-10.56.30.png\" class=\"attachment-large size-large wp-image-1209\" alt=\"\" srcset=\"https:\/\/www.forus.fi\/wp-content\/uploads\/2022\/10\/Screen-Shot-2022-10-28-at-10.56.30.png 500w, https:\/\/www.forus.fi\/wp-content\/uploads\/2022\/10\/Screen-Shot-2022-10-28-at-10.56.30-300x203.png 300w, https:\/\/www.forus.fi\/wp-content\/uploads\/2022\/10\/Screen-Shot-2022-10-28-at-10.56.30-18x12.png 18w\" sizes=\"(max-width: 500px) 100vw, 500px\" \/>\t\t\t\t\t\t\t\t\t\t\t\t\t<\/div>\n\t\t\t\t<\/div>\n\t\t\t\t\t<\/div>\n\t\t<\/div>\n\t\t\t\t\t<\/div>\n\t\t<\/section>\n\t\t\t\t<\/div>","protected":false},"excerpt":{"rendered":"<p>ELY-keskukselta tukea verkkoaurinkovoimahankkeiden kehitt\u00e4miseen Saimme tukea verkkoaurinkovoimahankkeiden kehitt\u00e4miseen Projektissa Forus selvitti verkkoaurinkovoimalan kehitt\u00e4miseen liittyvi\u00e4 teknisi\u00e4 ja taloudellisia riippuvaisuuksia. Projektissa saatiin selville olennaisimmat asiat liittyen verkkoaurinkovoimaloiden taloudelliseen kannattavuuteen, maanhankintaan sek\u00e4 luvittamiseen. Lis\u00e4ksi k\u00e4vimme hankkeessa avointa dialogia kaupunkien, verkkoyhti\u00f6iden sek\u00e4 eri yhteisty\u00f6kumppanien kanssa verkkoaurinkovoiman kehitt\u00e4misest\u00e4 Suomeen.<\/p>","protected":false},"author":4,"featured_media":0,"parent":1488,"menu_order":0,"comment_status":"closed","ping_status":"closed","template":"","meta":{"footnotes":""},"class_list":["post-1841","page","type-page","status-publish","hentry"],"yoast_head":"<!-- This site is optimized with the Yoast SEO plugin v23.8 - https:\/\/yoast.com\/wordpress\/plugins\/seo\/ -->\n<title>Forus Oy sai ELY-keskukselta tukea vuosina 2021-2022 verkkoaurinkovoimahankkeen kehitt\u00e4miseen - Forus<\/title>\n<meta name=\"robots\" content=\"index, follow, max-snippet:-1, max-image-preview:large, max-video-preview:-1\" \/>\n<link rel=\"canonical\" href=\"https:\/\/www.forus.fi\/en\/ajankohtaista\/forus-oy-sai-ely-keskukselta-tukea-vuosina-2021-2022-verkkoaurinkovoimahankkeen-kehittamiseen\/\" \/>\n<meta property=\"og:locale\" content=\"en_US\" \/>\n<meta property=\"og:type\" content=\"article\" \/>\n<meta property=\"og:title\" content=\"Forus Oy sai ELY-keskukselta tukea vuosina 2021-2022 verkkoaurinkovoimahankkeen kehitt\u00e4miseen - Forus\" \/>\n<meta property=\"og:description\" content=\"ELY-keskukselta tukea verkkoaurinkovoimahankkeiden kehitt\u00e4miseen Saimme tukea verkkoaurinkovoimahankkeiden kehitt\u00e4miseen Projektissa Forus selvitti verkkoaurinkovoimalan kehitt\u00e4miseen liittyvi\u00e4 teknisi\u00e4 ja taloudellisia riippuvaisuuksia. Projektissa saatiin selville olennaisimmat asiat liittyen verkkoaurinkovoimaloiden taloudelliseen kannattavuuteen, maanhankintaan sek\u00e4 luvittamiseen. Lis\u00e4ksi k\u00e4vimme hankkeessa avointa dialogia kaupunkien, verkkoyhti\u00f6iden sek\u00e4 eri yhteisty\u00f6kumppanien kanssa verkkoaurinkovoiman kehitt\u00e4misest\u00e4 Suomeen.\" \/>\n<meta property=\"og:url\" content=\"https:\/\/www.forus.fi\/en\/ajankohtaista\/forus-oy-sai-ely-keskukselta-tukea-vuosina-2021-2022-verkkoaurinkovoimahankkeen-kehittamiseen\/\" \/>\n<meta property=\"og:site_name\" content=\"Forus\" \/>\n<meta property=\"article:modified_time\" content=\"2022-12-15T19:34:40+00:00\" \/>\n<meta property=\"og:image\" content=\"https:\/\/www.forus.fi\/wp-content\/uploads\/2022\/10\/FI-Funded-by-the-EU_POS-1024x215.jpg\" \/>\n<meta name=\"twitter:card\" content=\"summary_large_image\" \/>\n<meta name=\"twitter:label1\" content=\"Est. reading time\" \/>\n\t<meta name=\"twitter:data1\" content=\"1 minute\" \/>\n<script type=\"application\/ld+json\" class=\"yoast-schema-graph\">{\"@context\":\"https:\/\/schema.org\",\"@graph\":[{\"@type\":\"WebPage\",\"@id\":\"https:\/\/www.forus.fi\/ajankohtaista\/forus-oy-sai-ely-keskukselta-tukea-vuosina-2021-2022-verkkoaurinkovoimahankkeen-kehittamiseen\/\",\"url\":\"https:\/\/www.forus.fi\/ajankohtaista\/forus-oy-sai-ely-keskukselta-tukea-vuosina-2021-2022-verkkoaurinkovoimahankkeen-kehittamiseen\/\",\"name\":\"Forus Oy sai ELY-keskukselta tukea vuosina 2021-2022 verkkoaurinkovoimahankkeen kehitt\u00e4miseen - Forus\",\"isPartOf\":{\"@id\":\"https:\/\/www.forus.fi\/fi\/#website\"},\"primaryImageOfPage\":{\"@id\":\"https:\/\/www.forus.fi\/ajankohtaista\/forus-oy-sai-ely-keskukselta-tukea-vuosina-2021-2022-verkkoaurinkovoimahankkeen-kehittamiseen\/#primaryimage\"},\"image\":{\"@id\":\"https:\/\/www.forus.fi\/ajankohtaista\/forus-oy-sai-ely-keskukselta-tukea-vuosina-2021-2022-verkkoaurinkovoimahankkeen-kehittamiseen\/#primaryimage\"},\"thumbnailUrl\":\"https:\/\/www.forus.fi\/wp-content\/uploads\/2022\/10\/FI-Funded-by-the-EU_POS-1024x215.jpg\",\"datePublished\":\"2022-12-02T11:52:05+00:00\",\"dateModified\":\"2022-12-15T19:34:40+00:00\",\"breadcrumb\":{\"@id\":\"https:\/\/www.forus.fi\/ajankohtaista\/forus-oy-sai-ely-keskukselta-tukea-vuosina-2021-2022-verkkoaurinkovoimahankkeen-kehittamiseen\/#breadcrumb\"},\"inLanguage\":\"en-US\",\"potentialAction\":[{\"@type\":\"ReadAction\",\"target\":[\"https:\/\/www.forus.fi\/ajankohtaista\/forus-oy-sai-ely-keskukselta-tukea-vuosina-2021-2022-verkkoaurinkovoimahankkeen-kehittamiseen\/\"]}]},{\"@type\":\"ImageObject\",\"inLanguage\":\"en-US\",\"@id\":\"https:\/\/www.forus.fi\/ajankohtaista\/forus-oy-sai-ely-keskukselta-tukea-vuosina-2021-2022-verkkoaurinkovoimahankkeen-kehittamiseen\/#primaryimage\",\"url\":\"https:\/\/www.forus.fi\/wp-content\/uploads\/2022\/10\/FI-Funded-by-the-EU_POS-1024x215.jpg\",\"contentUrl\":\"https:\/\/www.forus.fi\/wp-content\/uploads\/2022\/10\/FI-Funded-by-the-EU_POS-1024x215.jpg\"},{\"@type\":\"BreadcrumbList\",\"@id\":\"https:\/\/www.forus.fi\/ajankohtaista\/forus-oy-sai-ely-keskukselta-tukea-vuosina-2021-2022-verkkoaurinkovoimahankkeen-kehittamiseen\/#breadcrumb\",\"itemListElement\":[{\"@type\":\"ListItem\",\"position\":1,\"name\":\"Etusivu\",\"item\":\"https:\/\/www.forus.fi\/\"},{\"@type\":\"ListItem\",\"position\":2,\"name\":\"Ajankohtaista\",\"item\":\"https:\/\/www.forus.fi\/ajankohtaista\/\"},{\"@type\":\"ListItem\",\"position\":3,\"name\":\"Forus Oy sai ELY-keskukselta tukea vuosina 2021-2022 verkkoaurinkovoimahankkeen kehitt\u00e4miseen\"}]},{\"@type\":\"WebSite\",\"@id\":\"https:\/\/www.forus.fi\/fi\/#website\",\"url\":\"https:\/\/www.forus.fi\/fi\/\",\"name\":\"Forus\",\"description\":\"Pys\u00e4yt\u00e4mme ilmastokatastrofin kannattavasti\",\"publisher\":{\"@id\":\"https:\/\/www.forus.fi\/fi\/#organization\"},\"potentialAction\":[{\"@type\":\"SearchAction\",\"target\":{\"@type\":\"EntryPoint\",\"urlTemplate\":\"https:\/\/www.forus.fi\/fi\/?s={search_term_string}\"},\"query-input\":{\"@type\":\"PropertyValueSpecification\",\"valueRequired\":true,\"valueName\":\"search_term_string\"}}],\"inLanguage\":\"en-US\"},{\"@type\":\"Organization\",\"@id\":\"https:\/\/www.forus.fi\/fi\/#organization\",\"name\":\"Forus Oy\",\"url\":\"https:\/\/www.forus.fi\/fi\/\",\"logo\":{\"@type\":\"ImageObject\",\"inLanguage\":\"en-US\",\"@id\":\"https:\/\/www.forus.fi\/fi\/#\/schema\/logo\/image\/\",\"url\":\"https:\/\/www.forus.fi\/wp-content\/uploads\/2019\/10\/cropped-forus_512x512-01.jpg\",\"contentUrl\":\"https:\/\/www.forus.fi\/wp-content\/uploads\/2019\/10\/cropped-forus_512x512-01.jpg\",\"width\":512,\"height\":512,\"caption\":\"Forus Oy\"},\"image\":{\"@id\":\"https:\/\/www.forus.fi\/fi\/#\/schema\/logo\/image\/\"},\"sameAs\":[\"https:\/\/www.linkedin.com\/company\/forus-oy\"]}]}<\/script>\n<!-- \/ Yoast SEO plugin. -->","yoast_head_json":{"title":"Forus Oy sai ELY-keskukselta tukea vuosina 2021-2022 verkkoaurinkovoimahankkeen kehitt\u00e4miseen - Forus","robots":{"index":"index","follow":"follow","max-snippet":"max-snippet:-1","max-image-preview":"max-image-preview:large","max-video-preview":"max-video-preview:-1"},"canonical":"https:\/\/www.forus.fi\/en\/ajankohtaista\/forus-oy-sai-ely-keskukselta-tukea-vuosina-2021-2022-verkkoaurinkovoimahankkeen-kehittamiseen\/","og_locale":"en_US","og_type":"article","og_title":"Forus Oy sai ELY-keskukselta tukea vuosina 2021-2022 verkkoaurinkovoimahankkeen kehitt\u00e4miseen - Forus","og_description":"ELY-keskukselta tukea verkkoaurinkovoimahankkeiden kehitt\u00e4miseen Saimme tukea verkkoaurinkovoimahankkeiden kehitt\u00e4miseen Projektissa Forus selvitti verkkoaurinkovoimalan kehitt\u00e4miseen liittyvi\u00e4 teknisi\u00e4 ja taloudellisia riippuvaisuuksia. Projektissa saatiin selville olennaisimmat asiat liittyen verkkoaurinkovoimaloiden taloudelliseen kannattavuuteen, maanhankintaan sek\u00e4 luvittamiseen. Lis\u00e4ksi k\u00e4vimme hankkeessa avointa dialogia kaupunkien, verkkoyhti\u00f6iden sek\u00e4 eri yhteisty\u00f6kumppanien kanssa verkkoaurinkovoiman kehitt\u00e4misest\u00e4 Suomeen.","og_url":"https:\/\/www.forus.fi\/en\/ajankohtaista\/forus-oy-sai-ely-keskukselta-tukea-vuosina-2021-2022-verkkoaurinkovoimahankkeen-kehittamiseen\/","og_site_name":"Forus","article_modified_time":"2022-12-15T19:34:40+00:00","og_image":[{"url":"https:\/\/www.forus.fi\/wp-content\/uploads\/2022\/10\/FI-Funded-by-the-EU_POS-1024x215.jpg"}],"twitter_card":"summary_large_image","twitter_misc":{"Est. reading time":"1 minute"},"schema":{"@context":"https:\/\/schema.org","@graph":[{"@type":"WebPage","@id":"https:\/\/www.forus.fi\/ajankohtaista\/forus-oy-sai-ely-keskukselta-tukea-vuosina-2021-2022-verkkoaurinkovoimahankkeen-kehittamiseen\/","url":"https:\/\/www.forus.fi\/ajankohtaista\/forus-oy-sai-ely-keskukselta-tukea-vuosina-2021-2022-verkkoaurinkovoimahankkeen-kehittamiseen\/","name":"Forus Oy sai ELY-keskukselta tukea vuosina 2021-2022 verkkoaurinkovoimahankkeen kehitt\u00e4miseen - Forus","isPartOf":{"@id":"https:\/\/www.forus.fi\/fi\/#website"},"primaryImageOfPage":{"@id":"https:\/\/www.forus.fi\/ajankohtaista\/forus-oy-sai-ely-keskukselta-tukea-vuosina-2021-2022-verkkoaurinkovoimahankkeen-kehittamiseen\/#primaryimage"},"image":{"@id":"https:\/\/www.forus.fi\/ajankohtaista\/forus-oy-sai-ely-keskukselta-tukea-vuosina-2021-2022-verkkoaurinkovoimahankkeen-kehittamiseen\/#primaryimage"},"thumbnailUrl":"https:\/\/www.forus.fi\/wp-content\/uploads\/2022\/10\/FI-Funded-by-the-EU_POS-1024x215.jpg","datePublished":"2022-12-02T11:52:05+00:00","dateModified":"2022-12-15T19:34:40+00:00","breadcrumb":{"@id":"https:\/\/www.forus.fi\/ajankohtaista\/forus-oy-sai-ely-keskukselta-tukea-vuosina-2021-2022-verkkoaurinkovoimahankkeen-kehittamiseen\/#breadcrumb"},"inLanguage":"en-US","potentialAction":[{"@type":"ReadAction","target":["https:\/\/www.forus.fi\/ajankohtaista\/forus-oy-sai-ely-keskukselta-tukea-vuosina-2021-2022-verkkoaurinkovoimahankkeen-kehittamiseen\/"]}]},{"@type":"ImageObject","inLanguage":"en-US","@id":"https:\/\/www.forus.fi\/ajankohtaista\/forus-oy-sai-ely-keskukselta-tukea-vuosina-2021-2022-verkkoaurinkovoimahankkeen-kehittamiseen\/#primaryimage","url":"https:\/\/www.forus.fi\/wp-content\/uploads\/2022\/10\/FI-Funded-by-the-EU_POS-1024x215.jpg","contentUrl":"https:\/\/www.forus.fi\/wp-content\/uploads\/2022\/10\/FI-Funded-by-the-EU_POS-1024x215.jpg"},{"@type":"BreadcrumbList","@id":"https:\/\/www.forus.fi\/ajankohtaista\/forus-oy-sai-ely-keskukselta-tukea-vuosina-2021-2022-verkkoaurinkovoimahankkeen-kehittamiseen\/#breadcrumb","itemListElement":[{"@type":"ListItem","position":1,"name":"Etusivu","item":"https:\/\/www.forus.fi\/"},{"@type":"ListItem","position":2,"name":"Ajankohtaista","item":"https:\/\/www.forus.fi\/ajankohtaista\/"},{"@type":"ListItem","position":3,"name":"Forus Oy sai ELY-keskukselta tukea vuosina 2021-2022 verkkoaurinkovoimahankkeen kehitt\u00e4miseen"}]},{"@type":"WebSite","@id":"https:\/\/www.forus.fi\/fi\/#website","url":"https:\/\/www.forus.fi\/fi\/","name":"Forus","description":"Pys\u00e4yt\u00e4mme ilmastokatastrofin kannattavasti","publisher":{"@id":"https:\/\/www.forus.fi\/fi\/#organization"},"potentialAction":[{"@type":"SearchAction","target":{"@type":"EntryPoint","urlTemplate":"https:\/\/www.forus.fi\/fi\/?s={search_term_string}"},"query-input":{"@type":"PropertyValueSpecification","valueRequired":true,"valueName":"search_term_string"}}],"inLanguage":"en-US"},{"@type":"Organization","@id":"https:\/\/www.forus.fi\/fi\/#organization","name":"Forus Oy","url":"https:\/\/www.forus.fi\/fi\/","logo":{"@type":"ImageObject","inLanguage":"en-US","@id":"https:\/\/www.forus.fi\/fi\/#\/schema\/logo\/image\/","url":"https:\/\/www.forus.fi\/wp-content\/uploads\/2019\/10\/cropped-forus_512x512-01.jpg","contentUrl":"https:\/\/www.forus.fi\/wp-content\/uploads\/2019\/10\/cropped-forus_512x512-01.jpg","width":512,"height":512,"caption":"Forus Oy"},"image":{"@id":"https:\/\/www.forus.fi\/fi\/#\/schema\/logo\/image\/"},"sameAs":["https:\/\/www.linkedin.com\/company\/forus-oy"]}]}},"_links":{"self":[{"href":"https:\/\/www.forus.fi\/en\/wp-json\/wp\/v2\/pages\/1841","targetHints":{"allow":["GET"]}}],"collection":[{"href":"https:\/\/www.forus.fi\/en\/wp-json\/wp\/v2\/pages"}],"about":[{"href":"https:\/\/www.forus.fi\/en\/wp-json\/wp\/v2\/types\/page"}],"author":[{"embeddable":true,"href":"https:\/\/www.forus.fi\/en\/wp-json\/wp\/v2\/users\/4"}],"replies":[{"embeddable":true,"href":"https:\/\/www.forus.fi\/en\/wp-json\/wp\/v2\/comments?post=1841"}],"version-history":[{"count":24,"href":"https:\/\/www.forus.fi\/en\/wp-json\/wp\/v2\/pages\/1841\/revisions"}],"predecessor-version":[{"id":2389,"href":"https:\/\/www.forus.fi\/en\/wp-json\/wp\/v2\/pages\/1841\/revisions\/2389"}],"up":[{"embeddable":true,"href":"https:\/\/www.forus.fi\/en\/wp-json\/wp\/v2\/pages\/1488"}],"wp:attachment":[{"href":"https:\/\/www.forus.fi\/en\/wp-json\/wp\/v2\/media?parent=1841"}],"curies":[{"name":"wp","href":"https:\/\/api.w.org\/{rel}","templated":true}]}}